
{"id":4122,"date":"2022-05-18T20:09:09","date_gmt":"2022-05-18T18:09:09","guid":{"rendered":"https:\/\/surfoundation.ch\/agir\/"},"modified":"2024-11-08T22:39:00","modified_gmt":"2024-11-08T21:39:00","slug":"agir","status":"publish","type":"page","link":"https:\/\/surfoundation.ch\/de\/agir\/","title":{"rendered":"AGIR"},"content":{"rendered":"<p>[vc_row full_width=&#8220;stretch_row&#8220; css=&#8220;.vc_custom_1715169326530{padding-top: 60px !important;padding-bottom: 60px !important;background-image: url(https:\/\/surfoundation.ch\/wp-content\/uploads\/2024\/05\/6510df_6bffbf6203f04a04b0465f8e5129c3c5mv2-scaled.webp?id=4333) !important;background-position: center !important;background-repeat: no-repeat !important;background-size: cover !important;}&#8220;][vc_column css=&#8220;.vc_custom_1511694354640{padding-top: 24px !important;padding-bottom: 48px !important;}&#8220;][\/vc_column][\/vc_row][vc_row][vc_column][vc_column_text]<\/p>\n<h2 style=\"text-align: center; font-size: 32px;\">WIR LADEN SIE EIN, SICH UNSERER SACHE ANZUSCHLIESSEN UND IHREN TEIL ZU DIESER MISSION DES MITGEF\u00dcHLS UND DER SOLIDARIT\u00c4T BEIZUTRAGEN.<\/h2>\n<p>[\/vc_column_text][\/vc_column][\/vc_row][vc_row][vc_column width=&#8220;1\/2&#8243;][vc_column_text]<a class=\"btnpwtwint\" style=\"width: auto; height: 58px; border-radius: 6px; display: flex; justify-content: center; cursor: pointer; background-color: transparent; border: none; align-items: center;\" href=\"https:\/\/go.twint.ch\/1\/e\/tw?tw=acq.fccRhNFOR-6cEjBSmlonEoLlNqz_bZp1FjdNTheTg6Tn1ORHvpcpoIArrmbjA9rf.\"> <img decoding=\"async\" style=\"width: auto; height: 52px;\" src=\"https:\/\/surfoundation.ch\/wp-content\/twint.png\" alt=\"Embedded TWINT button\" \/><\/a>[\/vc_column_text][\/vc_column][vc_column width=&#8220;1\/2&#8243;][vc_column_text]<\/p>\n<div style=\"text-align: center; item-align: center;\">\n<div id=\"donate-button-container\">\n<div id=\"donate-button\"><\/div>\n<p><script src=\"https:\/\/www.paypalobjects.com\/donate\/sdk\/donate-sdk.js\" charset=\"UTF-8\"><\/script><br \/>\n<script>\nPayPal.Donation.Button({\nenv:'production',\nhosted_button_id:'J2QU5AEWANFUS',\nimage: {\nsrc:'https:\/\/pics.paypal.com\/00\/s\/Y2Q2ODVlNWItZmYxMC00N2JlLWJhOGQtMzIzOTgxODg4ZTJh\/file.JPG',\nalt:'Donate with PayPal button',\ntitle:'PayPal - The safer, easier way to pay online!',\n}\n}).render('#donate-button');\n<\/script><\/div>\n<\/div>\n<p>[\/vc_column_text][\/vc_column][\/vc_row][vc_row full_width=&#8220;stretch_row_content_no_spaces&#8220; content_placement=&#8220;middle&#8220; css=&#8220;.vc_custom_1715171388005{margin-top: 0px !important;margin-bottom: 0px !important;border-top-width: 0px !important;border-bottom-width: 0px !important;padding-top: 0px !important;padding-bottom: 0px !important;background-color: #cac8be !important;}&#8220;][vc_column width=&#8220;1\/3&#8243; css=&#8220;.vc_custom_1715171231182{margin-top: 0px !important;margin-bottom: 0px !important;border-top-width: 0px !important;border-bottom-width: 0px !important;padding-top: 0px !important;padding-bottom: 0px !important;}&#8220;][vc_single_image image=&#8220;4265&#8243; img_size=&#8220;full&#8220;][\/vc_column][vc_column width=&#8220;1\/3&#8243; css=&#8220;.vc_custom_1715171245088{margin-bottom: 0px !important;border-bottom-width: 0px !important;padding-bottom: 0px !important;background-color: #cac8be !important;}&#8220;][vc_column_text]<\/p>\n<p style=\"text-align: center;\"><span style=\"letter-spacing: 0.05em; font-size: 19px; font-family: open sans,sans-serif;\">CH76 8080 8008 2075 5130 4<\/span><\/p>\n<p>[\/vc_column_text][vc_column_text]<\/p>\n<p style=\"text-align: center;\"><span style=\"letter-spacing: 0.1em; font-size: 22px; font-family: open sans,sans-serif; font-weight: bold;\">SWISS UNITED<br \/>\nREKONSTRUKTION<br \/>\nFOUNDATION<\/span><\/p>\n<p>[\/vc_column_text][vc_column_text]<\/p>\n<p style=\"text-align: center;\"><span style=\"letter-spacing: 0.1em; font-size: 22px; font-family: open sans condensed,sans-serif;\">RUE DE-CANDOLLE 34<br \/>\n<\/span><span style=\"letter-spacing: 0.1em; font-size: 22px; font-family: open sans condensed,sans-serif;\">1205 GENEVE<\/span><\/p>\n<p>[\/vc_column_text][vc_single_image image=&#8220;4283&#8243; img_size=&#8220;160&#215;160&#8243; alignment=&#8220;center&#8220; css=&#8220;.vc_custom_1715171317731{margin-bottom: 0px !important;border-bottom-width: 0px !important;padding-bottom: 0px !important;}&#8220;][\/vc_column][vc_column width=&#8220;1\/3&#8243; css=&#8220;.vc_custom_1715171238151{margin-top: 0px !important;margin-bottom: 0px !important;border-top-width: 0px !important;border-bottom-width: 0px !important;padding-top: 0px !important;padding-bottom: 0px !important;}&#8220;][vc_single_image image=&#8220;4269&#8243; img_size=&#8220;full&#8220; alignment=&#8220;right&#8220;][\/vc_column][\/vc_row][vc_row][vc_column][vc_column_text]<\/p>\n<p style=\"text-align: center; font-size: 32px;\"><strong>Um unsere Mission fortzusetzen und zu intensivieren, sind wir jedoch auf Ihre weitere Unterst\u00fctzung angewiesen. Jeder Beitrag, unabh\u00e4ngig von der H\u00f6he, hat eine tief greifende Wirkung und erm\u00f6glicht :<\/strong><\/p>\n<p>[\/vc_column_text][\/vc_column][\/vc_row][vc_row gap=&#8220;20&#8243; equal_height=&#8220;yes&#8220;][vc_column width=&#8220;1\/2&#8243; css=&#8220;.vc_custom_1716153807510{padding-right: 40px !important;padding-left: 40px !important;background-color: #e1dcd8 !important;}&#8220;][vc_column_text]<\/p>\n<p style=\"text-align: center; font-size: 22px;\">Bereitstellung von tier\u00e4rztlicher Notfallversorgung und Behandlung von verletzten oder kranken Tieren<\/p>\n<p>[\/vc_column_text][\/vc_column][vc_column width=&#8220;1\/2&#8243; css=&#8220;.vc_custom_1716153754640{padding-right: 40px !important;padding-left: 40px !important;background-color: #9da29e !important;}&#8220;][vc_column_text]<\/p>\n<p style=\"text-align: center; font-size: 22px; color: #ffffff;\">Versorgung der Tierheime mit Nahrung, Bettzeug und wichtigen Einrichtungen f\u00fcr die Unterbringung der Tiere.<\/p>\n<p>[\/vc_column_text][\/vc_column][\/vc_row][vc_row gap=&#8220;20&#8243; equal_height=&#8220;yes&#8220;][vc_column width=&#8220;1\/2&#8243; css=&#8220;.vc_custom_1716153906208{padding-right: 40px !important;padding-left: 40px !important;background-color: #b4abba !important;}&#8220;][vc_column_text]<\/p>\n<p style=\"text-align: center; font-size: 22px; color: #ffffff;\">Unterst\u00fctzung von Rettungsaktionen und Evakuierung von Tieren aus Konfliktgebieten.<\/p>\n<p>[\/vc_column_text][\/vc_column][vc_column width=&#8220;1\/2&#8243; css=&#8220;.vc_custom_1716153923359{padding-right: 40px !important;padding-left: 40px !important;background-color: #a9acc8 !important;}&#8220;][vc_column_text]<\/p>\n<p style=\"text-align: center; font-size: 22px;\">Unterst\u00fctzung bei der Erweiterung der Infrastruktur der Tierheime, um eine gr\u00f6\u00dfere Anzahl von Tieren in Not aufzunehmen.<\/p>\n<p>[\/vc_column_text][\/vc_column][\/vc_row][vc_row css=&#8220;.vc_custom_1716154023242{padding-top: 40px !important;padding-bottom: 40px !important;}&#8220;][vc_column][vc_column_text]<\/p>\n<p style=\"text-align: center; font-size: 32px;\"><strong>Gemeinsam k\u00f6nnen wir das Leid lindern und den Tieren, die vom Krieg in der Ukraine betroffen sind, eine bessere Zukunft bieten.<\/strong><\/p>\n<p>[\/vc_column_text][\/vc_column][\/vc_row][vc_row disable_element=&#8220;yes&#8220; css=&#8220;.vc_custom_1652890154337{margin-top: 0px !important;margin-bottom: 0px !important;padding-top: 0px !important;padding-bottom: 0px !important;}&#8220;][vc_column css=&#8220;.vc_custom_1532198522130{margin-bottom: 24px !important;padding-bottom: 0px !important;}&#8220;]\t\t<listing-grid\n\t\t\tid=\"myhome-listing-grid\"\n\t\t\tclass=\"\"\n\t\t\tconfig-key='MyHomeListing1778011084'\n\t\t>\n\t\t\t\t\t<\/listing-grid>\n\t\t[\/vc_column][\/vc_row][vc_row full_width=&#8220;stretch_row_content_no_spaces&#8220; equal_height=&#8220;yes&#8220; content_placement=&#8220;middle&#8220; disable_element=&#8220;yes&#8220; css=&#8220;.vc_custom_1652890160896{margin-bottom: 0px !important;}&#8220;][vc_column width=&#8220;1\/2&#8243; css=&#8220;.vc_custom_1532198479562{padding-top: 120px !important;padding-bottom: 120px !important;background-color: #f4f4f4 !important;}&#8220;]\n    <div class=\"\"\n         style=\"text-align:center;\">\n        <i class=\"flaticon-prize mh-color-other\"\n           style=\"color:#222222;font-size:90px;\"><\/i>\n    <\/div>\n\n[vc_column_text css=&#8220;.vc_custom_1532198423262{margin-top: 0px !important;margin-right: 0px !important;margin-bottom: 0px !important;margin-left: 0px !important;border-top-width: 0px !important;border-right-width: 0px !important;border-bottom-width: 0px !important;border-left-width: 0px !important;padding-top: 0px !important;padding-right: 0px !important;padding-bottom: 0px !important;padding-left: 0px !important;}&#8220;]<\/p>\n<div style=\"font-size: 100px; line-height: 1; text-align: center; font-weight: bold; color: #222;\">20+<\/div>\n<p>[\/vc_column_text]<div class=\" \">\n\t\n        <div class=\"mh-heading-wrapper\">\n            <h3            class=\"mh-heading   mh-font-size-xxxl mh-font-body \"\n            style=\"font-weight:400;\">\n\t\t\tyears        <\/h3>\n\n\t\t    <\/div>\n\n\t<\/div>[\/vc_column][vc_column width=&#8220;1\/2&#8243; css=&#8220;.vc_custom_1532198344665{padding-top: 72px !important;padding-right: 0px !important;padding-bottom: 72px !important;padding-left: 0px !important;background-image: url(https:\/\/myhometheme.net\/agent\/wp-content\/uploads\/2018\/07\/condo-dark.jpg?id=3336) !important;background-position: center !important;background-repeat: no-repeat !important;background-size: cover !important;}&#8220;]\n    <div class=\"\"\n         style=\"text-align:center;\">\n        <i class=\"flaticon-home mh-color-other\"\n           style=\"color:#ffffff;font-size:90px;\"><\/i>\n    <\/div>\n\n[vc_column_text css=&#8220;.vc_custom_1531154169759{margin-top: 0px !important;margin-right: 0px !important;margin-bottom: 0px !important;margin-left: 0px !important;border-top-width: 0px !important;border-right-width: 0px !important;border-bottom-width: 0px !important;border-left-width: 0px !important;padding-top: 0px !important;padding-right: 0px !important;padding-bottom: 0px !important;padding-left: 0px !important;}&#8220;]<\/p>\n<div style=\"font-size: 100px; line-height: 1; text-align: center; color: #ffffff; font-weight: bold;\">1100+<\/div>\n<p>[\/vc_column_text]<div class=\" \">\n\t\n        <div class=\"mh-heading-wrapper\">\n            <h3            class=\"mh-heading mh-color-white  mh-font-size-xxxl mh-font-body \"\n            style=\"font-weight:400;\">\n\t\t\tresidences        <\/h3>\n\n\t\t    <\/div>\n\n\t<\/div>[\/vc_column][\/vc_row]<\/p>\n","protected":false},"excerpt":{"rendered":"<p>[vc_row full_width=&#8220;stretch_row&#8220; css=&#8220;.vc_custom_1715169326530{padding-top: 60px !important;padding-bottom: 60px !important;background-image: url(https:\/\/surfoundation.ch\/wp-content\/uploads\/2024\/05\/6510df_6bffbf6203f04a04b0465f8e5129c3c5mv2-scaled.webp?id=4333) !important;background-position: center !important;background-repeat: no-repeat !important;background-size: cover !important;}&#8220;][vc_column css=&#8220;.vc_custom_1511694354640{padding-top: 24px !important;padding-bottom: 48px !important;}&#8220;][\/vc_column][\/vc_row][vc_row][vc_column][vc_column_text] WIR LADEN SIE EIN, SICH UNSERER SACHE ANZUSCHLIESSEN UND IHREN TEIL ZU DIESER MISSION DES MITGEF\u00dcHLS UND DER SOLIDARIT\u00c4T BEIZUTRAGEN. [\/vc_column_text][\/vc_column][\/vc_row][vc_row][vc_column width=&#8220;1\/2&#8243;][vc_column_text] [\/vc_column_text][\/vc_column][vc_column width=&#8220;1\/2&#8243;][vc_column_text] [\/vc_column_text][\/vc_column][\/vc_row][vc_row full_width=&#8220;stretch_row_content_no_spaces&#8220; content_placement=&#8220;middle&#8220; css=&#8220;.vc_custom_1715171388005{margin-top: 0px !important;margin-bottom: 0px !important;border-top-width: 0px !important;border-bottom-width: 0px [&hellip;]<\/p>\n","protected":false},"author":1,"featured_media":0,"parent":0,"menu_order":0,"comment_status":"closed","ping_status":"closed","template":"page_full-width.php","meta":{"two_page_speed":[],"footnotes":""},"class_list":["post-4122","page","type-page","status-publish","hentry"],"acf":[],"_links":{"self":[{"href":"https:\/\/surfoundation.ch\/de\/wp-json\/wp\/v2\/pages\/4122","targetHints":{"allow":["GET"]}}],"collection":[{"href":"https:\/\/surfoundation.ch\/de\/wp-json\/wp\/v2\/pages"}],"about":[{"href":"https:\/\/surfoundation.ch\/de\/wp-json\/wp\/v2\/types\/page"}],"author":[{"embeddable":true,"href":"https:\/\/surfoundation.ch\/de\/wp-json\/wp\/v2\/users\/1"}],"replies":[{"embeddable":true,"href":"https:\/\/surfoundation.ch\/de\/wp-json\/wp\/v2\/comments?post=4122"}],"version-history":[{"count":9,"href":"https:\/\/surfoundation.ch\/de\/wp-json\/wp\/v2\/pages\/4122\/revisions"}],"predecessor-version":[{"id":4982,"href":"https:\/\/surfoundation.ch\/de\/wp-json\/wp\/v2\/pages\/4122\/revisions\/4982"}],"wp:attachment":[{"href":"https:\/\/surfoundation.ch\/de\/wp-json\/wp\/v2\/media?parent=4122"}],"curies":[{"name":"wp","href":"https:\/\/api.w.org\/{rel}","templated":true}]}}